{"id":1520,"date":"2022-07-19T21:25:14","date_gmt":"2022-07-19T21:25:14","guid":{"rendered":"https:\/\/clubedolivrodesalto.com.br\/site\/?page_id=1520"},"modified":"2022-07-19T21:25:26","modified_gmt":"2022-07-19T21:25:26","slug":"escritores","status":"publish","type":"page","link":"https:\/\/clubedolivrodesalto.com.br\/site\/escritores\/","title":{"rendered":"Escritores"},"content":{"rendered":"\t\t<div data-elementor-type=\"wp-page\" data-elementor-id=\"1520\" class=\"elementor elementor-1520\" data-elementor-post-type=\"page\">\n\t\t\t\t\t\t<section class=\"elementor-section elementor-top-section elementor-element elementor-element-0922a58 elementor-section-boxed elementor-section-height-default elementor-section-height-default\" data-id=\"0922a58\" data-element_type=\"section\">\n\t\t\t\t\t\t<div class=\"elementor-container elementor-column-gap-default\">\n\t\t\t\t\t<div class=\"elementor-column elementor-col-100 elementor-top-column elementor-element elementor-element-de64455\" data-id=\"de64455\" data-element_type=\"column\">\n\t\t\t<div class=\"elementor-widget-wrap elementor-element-populated\">\n\t\t\t\t\t\t<div class=\"elementor-element elementor-element-51c6bde elementor-widget elementor-widget-heading\" data-id=\"51c6bde\" data-element_type=\"widget\" data-widget_type=\"heading.default\">\n\t\t\t\t<div class=\"elementor-widget-container\">\n\t\t\t\t\t<h4 class=\"elementor-heading-title elementor-size-default\">Nossos Escritores - E-Book<\/h4>\t\t\t\t<\/div>\n\t\t\t\t<\/div>\n\t\t\t\t\t<\/div>\n\t\t<\/div>\n\t\t\t\t\t<\/div>\n\t\t<\/section>\n\t\t\t\t<section class=\"elementor-section elementor-top-section elementor-element elementor-element-9b08d53 elementor-section-boxed elementor-section-height-default elementor-section-height-default\" data-id=\"9b08d53\" data-element_type=\"section\">\n\t\t\t\t\t\t<div class=\"elementor-container elementor-column-gap-default\">\n\t\t\t\t\t<div class=\"elementor-column elementor-col-50 elementor-top-column elementor-element elementor-element-aef4520\" data-id=\"aef4520\" data-element_type=\"column\">\n\t\t\t<div class=\"elementor-widget-wrap elementor-element-populated\">\n\t\t\t\t\t\t<div class=\"elementor-element elementor-element-478a5a4 elementor-widget elementor-widget-image\" data-id=\"478a5a4\" data-element_type=\"widget\" data-widget_type=\"image.default\">\n\t\t\t\t<div class=\"elementor-widget-container\">\n\t\t\t\t\t\t\t\t\t\t\t\t\t\t\t\t<a href=\"https:\/\/www.flipsnack.com\/olivrodoclubedolivro\/o-livro-do-clube-do-livro-e-suas-hist-rias.html%20\" target=\"_blank\">\n\t\t\t\t\t\t\t<img fetchpriority=\"high\" decoding=\"async\" width=\"713\" height=\"1024\" src=\"https:\/\/clubedolivrodesalto.com.br\/site\/wp-content\/uploads\/2022\/07\/capa_ebook_vol_i-713x1024.png\" class=\"attachment-large size-large wp-image-1523\" alt=\"\" srcset=\"https:\/\/clubedolivrodesalto.com.br\/site\/wp-content\/uploads\/2022\/07\/capa_ebook_vol_i-713x1024.png 713w, https:\/\/clubedolivrodesalto.com.br\/site\/wp-content\/uploads\/2022\/07\/capa_ebook_vol_i-209x300.png 209w, https:\/\/clubedolivrodesalto.com.br\/site\/wp-content\/uploads\/2022\/07\/capa_ebook_vol_i-768x1103.png 768w, https:\/\/clubedolivrodesalto.com.br\/site\/wp-content\/uploads\/2022\/07\/capa_ebook_vol_i-1070x1536.png 1070w, https:\/\/clubedolivrodesalto.com.br\/site\/wp-content\/uploads\/2022\/07\/capa_ebook_vol_i-1426x2048.png 1426w, https:\/\/clubedolivrodesalto.com.br\/site\/wp-content\/uploads\/2022\/07\/capa_ebook_vol_i.png 1894w\" sizes=\"(max-width: 713px) 100vw, 713px\" \/>\t\t\t\t\t\t\t\t<\/a>\n\t\t\t\t\t\t\t\t\t\t\t\t\t\t\t<\/div>\n\t\t\t\t<\/div>\n\t\t\t\t<div class=\"elementor-element elementor-element-57226b5 elementor-widget elementor-widget-text-editor\" data-id=\"57226b5\" data-element_type=\"widget\" data-widget_type=\"text-editor.default\">\n\t\t\t\t<div class=\"elementor-widget-container\">\n\t\t\t\t\t\t\t\t\t<p>Em comemora\u00e7\u00e3o ao primeiro ano do Clube do Livro de Salto, os membros resolveram dividir com todos os seus talentos e escreveram um e-book. Nele h\u00e1 lindas hist\u00f3rias e \u00f3timos poemas.<\/p>\t\t\t\t\t\t\t\t<\/div>\n\t\t\t\t<\/div>\n\t\t\t\t\t<\/div>\n\t\t<\/div>\n\t\t\t\t<div class=\"elementor-column elementor-col-50 elementor-top-column elementor-element elementor-element-e091b3a\" data-id=\"e091b3a\" data-element_type=\"column\">\n\t\t\t<div class=\"elementor-widget-wrap elementor-element-populated\">\n\t\t\t\t\t\t<div class=\"elementor-element elementor-element-422fe79 elementor-widget elementor-widget-image\" data-id=\"422fe79\" data-element_type=\"widget\" data-widget_type=\"image.default\">\n\t\t\t\t<div class=\"elementor-widget-container\">\n\t\t\t\t\t\t\t\t\t\t\t\t\t\t\t\t<a href=\"https:\/\/online.fliphtml5.com\/yejpm\/ggsp\/#p=1%20\" target=\"_blank\">\n\t\t\t\t\t\t\t<img decoding=\"async\" width=\"713\" height=\"1024\" src=\"https:\/\/clubedolivrodesalto.com.br\/site\/wp-content\/uploads\/2022\/07\/capa_ebook_vol_ii-713x1024.png\" class=\"attachment-large size-large wp-image-1524\" alt=\"\" srcset=\"https:\/\/clubedolivrodesalto.com.br\/site\/wp-content\/uploads\/2022\/07\/capa_ebook_vol_ii-713x1024.png 713w, https:\/\/clubedolivrodesalto.com.br\/site\/wp-content\/uploads\/2022\/07\/capa_ebook_vol_ii-209x300.png 209w, https:\/\/clubedolivrodesalto.com.br\/site\/wp-content\/uploads\/2022\/07\/capa_ebook_vol_ii-768x1103.png 768w, https:\/\/clubedolivrodesalto.com.br\/site\/wp-content\/uploads\/2022\/07\/capa_ebook_vol_ii-1070x1536.png 1070w, https:\/\/clubedolivrodesalto.com.br\/site\/wp-content\/uploads\/2022\/07\/capa_ebook_vol_ii-1426x2048.png 1426w, https:\/\/clubedolivrodesalto.com.br\/site\/wp-content\/uploads\/2022\/07\/capa_ebook_vol_ii.png 1894w\" sizes=\"(max-width: 713px) 100vw, 713px\" \/>\t\t\t\t\t\t\t\t<\/a>\n\t\t\t\t\t\t\t\t\t\t\t\t\t\t\t<\/div>\n\t\t\t\t<\/div>\n\t\t\t\t<div class=\"elementor-element elementor-element-a8bf91a elementor-widget elementor-widget-text-editor\" data-id=\"a8bf91a\" data-element_type=\"widget\" data-widget_type=\"text-editor.default\">\n\t\t\t\t<div class=\"elementor-widget-container\">\n\t\t\t\t\t\t\t\t\t<p>No m\u00eas de maio, anivers\u00e1rio de dois anos do\u00a0<a href=\"https:\/\/www.facebook.com\/clubedolivrodesalto?__tn__=-%5dK*F\"><strong>Clube do Livro de Salto\/SP<\/strong><\/a>, lan\u00e7amos nosso segundo volume do e-book escrito por n\u00f3s, integrantes do clube. \u00c9 um excelente exerc\u00edcio de escrita e aprimoramento da imagina\u00e7\u00e3o.<\/p><p>Prestigie nossas hist\u00f3rias, compartilhe com os amigos e familiares. E se isso te interessou, venha participar do primeiro clube de leitura de Salto.<\/p>\t\t\t\t\t\t\t\t<\/div>\n\t\t\t\t<\/div>\n\t\t\t\t\t<\/div>\n\t\t<\/div>\n\t\t\t\t\t<\/div>\n\t\t<\/section>\n\t\t\t\t<\/div>\n\t\t","protected":false},"excerpt":{"rendered":"<p>Nossos Escritores &#8211; E-Book Em comemora\u00e7\u00e3o ao primeiro ano do Clube do Livro de Salto, os membros resolveram dividir com todos os seus talentos e escreveram um e-book. Nele h\u00e1 lindas hist\u00f3rias e \u00f3timos poemas. No m\u00eas de maio, anivers\u00e1rio de dois anos do\u00a0Clube do Livro de Salto\/SP, lan\u00e7amos nosso segundo volume do e-book escrito [&hellip;]<\/p>\n","protected":false},"author":1,"featured_media":0,"parent":0,"menu_order":0,"comment_status":"closed","ping_status":"closed","template":"","meta":{"_uag_custom_page_level_css":"","site-sidebar-layout":"no-sidebar","site-content-layout":"page-builder","ast-site-content-layout":"default","site-content-style":"default","site-sidebar-style":"default","ast-global-header-display":"","ast-banner-title-visibility":"","ast-main-header-display":"","ast-hfb-above-header-display":"","ast-hfb-below-header-display":"","ast-hfb-mobile-header-display":"","site-post-title":"disabled","ast-breadcrumbs-content":"","ast-featured-img":"disabled","footer-sml-layout":"","ast-disable-related-posts":"","theme-transparent-header-meta":"","adv-header-id-meta":"","stick-header-meta":"","header-above-stick-meta":"","header-main-stick-meta":"","header-below-stick-meta":"","astra-migrate-meta-layouts":"default","ast-page-background-enabled":"default","ast-page-background-meta":{"desktop":{"background-color":"","background-image":"","background-repeat":"repeat","background-position":"center center","background-size":"auto","background-attachment":"scroll","background-type":"","background-media":"","overlay-type":"","overlay-color":"","overlay-opacity":"","overlay-gradient":""},"tablet":{"background-color":"","background-image":"","background-repeat":"repeat","background-position":"center center","background-size":"auto","background-attachment":"scroll","background-type":"","background-media":"","overlay-type":"","overlay-color":"","overlay-opacity":"","overlay-gradient":""},"mobile":{"background-color":"","background-image":"","background-repeat":"repeat","background-position":"center center","background-size":"auto","background-attachment":"scroll","background-type":"","background-media":"","overlay-type":"","overlay-color":"","overlay-opacity":"","overlay-gradient":""}},"ast-content-background-meta":{"desktop":{"background-color":"var(--ast-global-color-5)","background-image":"","background-repeat":"repeat","background-position":"center center","background-size":"auto","background-attachment":"scroll","background-type":"","background-media":"","overlay-type":"","overlay-color":"","overlay-opacity":"","overlay-gradient":""},"tablet":{"background-color":"var(--ast-global-color-5)","background-image":"","background-repeat":"repeat","background-position":"center center","background-size":"auto","background-attachment":"scroll","background-type":"","background-media":"","overlay-type":"","overlay-color":"","overlay-opacity":"","overlay-gradient":""},"mobile":{"background-color":"var(--ast-global-color-5)","background-image":"","background-repeat":"repeat","background-position":"center center","background-size":"auto","background-attachment":"scroll","background-type":"","background-media":"","overlay-type":"","overlay-color":"","overlay-opacity":"","overlay-gradient":""}},"footnotes":""},"class_list":["post-1520","page","type-page","status-publish","hentry"],"uagb_featured_image_src":{"full":false,"thumbnail":false,"medium":false,"medium_large":false,"large":false,"1536x1536":false,"2048x2048":false},"uagb_author_info":{"display_name":"clubedolivrodesalto","author_link":"https:\/\/clubedolivrodesalto.com.br\/site\/author\/clubedolivrodesalto\/"},"uagb_comment_info":0,"uagb_excerpt":"Nossos Escritores &#8211; E-Book Em comemora\u00e7\u00e3o ao primeiro ano do Clube do Livro de Salto, os membros resolveram dividir com todos os seus talentos e escreveram um e-book. Nele h\u00e1 lindas hist\u00f3rias e \u00f3timos poemas. No m\u00eas de maio, anivers\u00e1rio de dois anos do\u00a0Clube do Livro de Salto\/SP, lan\u00e7amos nosso segundo volume do e-book escrito&hellip;","_links":{"self":[{"href":"https:\/\/clubedolivrodesalto.com.br\/site\/wp-json\/wp\/v2\/pages\/1520","targetHints":{"allow":["GET"]}}],"collection":[{"href":"https:\/\/clubedolivrodesalto.com.br\/site\/wp-json\/wp\/v2\/pages"}],"about":[{"href":"https:\/\/clubedolivrodesalto.com.br\/site\/wp-json\/wp\/v2\/types\/page"}],"author":[{"embeddable":true,"href":"https:\/\/clubedolivrodesalto.com.br\/site\/wp-json\/wp\/v2\/users\/1"}],"replies":[{"embeddable":true,"href":"https:\/\/clubedolivrodesalto.com.br\/site\/wp-json\/wp\/v2\/comments?post=1520"}],"version-history":[{"count":4,"href":"https:\/\/clubedolivrodesalto.com.br\/site\/wp-json\/wp\/v2\/pages\/1520\/revisions"}],"predecessor-version":[{"id":1527,"href":"https:\/\/clubedolivrodesalto.com.br\/site\/wp-json\/wp\/v2\/pages\/1520\/revisions\/1527"}],"wp:attachment":[{"href":"https:\/\/clubedolivrodesalto.com.br\/site\/wp-json\/wp\/v2\/media?parent=1520"}],"curies":[{"name":"wp","href":"https:\/\/api.w.org\/{rel}","templated":true}]}}