{"id":1432,"date":"2022-07-19T19:05:04","date_gmt":"2022-07-19T19:05:04","guid":{"rendered":"https:\/\/clubedolivrodesalto.com.br\/site\/?page_id=1432"},"modified":"2022-07-19T19:29:19","modified_gmt":"2022-07-19T19:29:19","slug":"encontros","status":"publish","type":"page","link":"https:\/\/clubedolivrodesalto.com.br\/site\/encontros\/","title":{"rendered":"Encontros"},"content":{"rendered":"\t\t<div data-elementor-type=\"wp-page\" data-elementor-id=\"1432\" class=\"elementor elementor-1432\" data-elementor-post-type=\"page\">\n\t\t\t\t\t\t<section class=\"elementor-section elementor-top-section elementor-element elementor-element-0fd8b80 elementor-section-boxed elementor-section-height-default elementor-section-height-default\" data-id=\"0fd8b80\" data-element_type=\"section\">\n\t\t\t\t\t\t<div class=\"elementor-container elementor-column-gap-default\">\n\t\t\t\t\t<div class=\"elementor-column elementor-col-100 elementor-top-column elementor-element elementor-element-e57d14b\" data-id=\"e57d14b\" data-element_type=\"column\">\n\t\t\t<div class=\"elementor-widget-wrap elementor-element-populated\">\n\t\t\t\t\t\t<div class=\"elementor-element elementor-element-f4623ba elementor-widget elementor-widget-heading\" data-id=\"f4623ba\" data-element_type=\"widget\" data-widget_type=\"heading.default\">\n\t\t\t\t<div class=\"elementor-widget-container\">\n\t\t\t\t\t<h4 class=\"elementor-heading-title elementor-size-default\">Encontros<\/h4>\t\t\t\t<\/div>\n\t\t\t\t<\/div>\n\t\t\t\t\t<\/div>\n\t\t<\/div>\n\t\t\t\t\t<\/div>\n\t\t<\/section>\n\t\t\t\t<section class=\"elementor-section elementor-top-section elementor-element elementor-element-f19284c elementor-section-boxed elementor-section-height-default elementor-section-height-default\" data-id=\"f19284c\" data-element_type=\"section\">\n\t\t\t\t\t\t<div class=\"elementor-container elementor-column-gap-default\">\n\t\t\t\t\t<div class=\"elementor-column elementor-col-100 elementor-top-column elementor-element elementor-element-34cb710\" data-id=\"34cb710\" data-element_type=\"column\">\n\t\t\t<div class=\"elementor-widget-wrap elementor-element-populated\">\n\t\t\t\t\t\t<div class=\"elementor-element elementor-element-e1dc968 elementor-widget elementor-widget-text-editor\" data-id=\"e1dc968\" data-element_type=\"widget\" data-widget_type=\"text-editor.default\">\n\t\t\t\t<div class=\"elementor-widget-container\">\n\t\t\t\t\t\t\t\t\t<p style=\"text-align: left;\">Nossos encontros s\u00e3o realizados de forma on-line para que haja maior conforto e acessibilidade aos membros do Clube do Livro e s\u00e3o realizados no \u00faltimo s\u00e1bado de cada m\u00eas, \u00e0s 10h30, podendo sofrer altera\u00e7\u00e3o quando necess\u00e1rio.<\/p>\t\t\t\t\t\t\t\t<\/div>\n\t\t\t\t<\/div>\n\t\t\t\t<div class=\"elementor-element elementor-element-238313f elementor-widget elementor-widget-image\" data-id=\"238313f\" data-element_type=\"widget\" data-widget_type=\"image.default\">\n\t\t\t\t<div class=\"elementor-widget-container\">\n\t\t\t\t\t\t\t\t\t\t\t\t\t\t\t<img fetchpriority=\"high\" decoding=\"async\" width=\"1440\" height=\"1080\" src=\"https:\/\/clubedolivrodesalto.com.br\/site\/wp-content\/uploads\/2022\/07\/foto_encontro_1.jpg\" class=\"attachment-full size-full wp-image-1434\" alt=\"\" srcset=\"https:\/\/clubedolivrodesalto.com.br\/site\/wp-content\/uploads\/2022\/07\/foto_encontro_1.jpg 1440w, https:\/\/clubedolivrodesalto.com.br\/site\/wp-content\/uploads\/2022\/07\/foto_encontro_1-300x225.jpg 300w, https:\/\/clubedolivrodesalto.com.br\/site\/wp-content\/uploads\/2022\/07\/foto_encontro_1-1024x768.jpg 1024w, https:\/\/clubedolivrodesalto.com.br\/site\/wp-content\/uploads\/2022\/07\/foto_encontro_1-768x576.jpg 768w\" sizes=\"(max-width: 1440px) 100vw, 1440px\" \/>\t\t\t\t\t\t\t\t\t\t\t\t\t\t\t<\/div>\n\t\t\t\t<\/div>\n\t\t\t\t<div class=\"elementor-element elementor-element-6dfbb6b elementor-widget elementor-widget-text-editor\" data-id=\"6dfbb6b\" data-element_type=\"widget\" data-widget_type=\"text-editor.default\">\n\t\t\t\t<div class=\"elementor-widget-container\">\n\t\t\t\t\t\t\t\t\t<h5 style=\"text-align: center;\">No final do ano, fazemos o \u201cAmigo Livro\u201d como uma forma de confraternizar e finalizar o ano com nossos membros.<\/h5>\t\t\t\t\t\t\t\t<\/div>\n\t\t\t\t<\/div>\n\t\t\t\t\t<\/div>\n\t\t<\/div>\n\t\t\t\t\t<\/div>\n\t\t<\/section>\n\t\t\t\t<section class=\"elementor-section elementor-top-section elementor-element elementor-element-627aa9e elementor-section-boxed elementor-section-height-default elementor-section-height-default\" data-id=\"627aa9e\" data-element_type=\"section\">\n\t\t\t\t\t\t<div class=\"elementor-container elementor-column-gap-default\">\n\t\t\t\t\t<div class=\"elementor-column elementor-col-25 elementor-top-column elementor-element elementor-element-18242b1\" data-id=\"18242b1\" data-element_type=\"column\">\n\t\t\t<div class=\"elementor-widget-wrap elementor-element-populated\">\n\t\t\t\t\t\t<div class=\"elementor-element elementor-element-6aabd3e elementor-widget elementor-widget-image\" data-id=\"6aabd3e\" data-element_type=\"widget\" data-widget_type=\"image.default\">\n\t\t\t\t<div class=\"elementor-widget-container\">\n\t\t\t\t\t\t\t\t\t\t\t\t\t\t\t<img decoding=\"async\" src=\"https:\/\/clubedolivrodesalto.com.br\/site\/wp-content\/uploads\/elementor\/thumbs\/amigo_livro_1-ps0b665cn29h9q9p4v3tmm71yexiocazpgslzow430.jpg\" title=\"amigo_livro_1\" alt=\"amigo_livro_1\" loading=\"lazy\" \/>\t\t\t\t\t\t\t\t\t\t\t\t\t\t\t<\/div>\n\t\t\t\t<\/div>\n\t\t\t\t\t<\/div>\n\t\t<\/div>\n\t\t\t\t<div class=\"elementor-column elementor-col-25 elementor-top-column elementor-element elementor-element-3638f89\" data-id=\"3638f89\" data-element_type=\"column\">\n\t\t\t<div class=\"elementor-widget-wrap elementor-element-populated\">\n\t\t\t\t\t\t<div class=\"elementor-element elementor-element-236fde5 elementor-widget elementor-widget-image\" data-id=\"236fde5\" data-element_type=\"widget\" data-widget_type=\"image.default\">\n\t\t\t\t<div class=\"elementor-widget-container\">\n\t\t\t\t\t\t\t\t\t\t\t\t\t\t\t<img decoding=\"async\" src=\"https:\/\/clubedolivrodesalto.com.br\/site\/wp-content\/uploads\/elementor\/thumbs\/amigo_livro_2-ps0b6ghkq8nmtfuoghkpw1l4hnik10g1evyy9qgs6k.jpg\" title=\"amigo_livro_2\" alt=\"amigo_livro_2\" loading=\"lazy\" \/>\t\t\t\t\t\t\t\t\t\t\t\t\t\t\t<\/div>\n\t\t\t\t<\/div>\n\t\t\t\t\t<\/div>\n\t\t<\/div>\n\t\t\t\t<div class=\"elementor-column elementor-col-25 elementor-top-column elementor-element elementor-element-fb64dba\" data-id=\"fb64dba\" data-element_type=\"column\">\n\t\t\t<div class=\"elementor-widget-wrap elementor-element-populated\">\n\t\t\t\t\t\t<div class=\"elementor-element elementor-element-655a74e elementor-widget elementor-widget-image\" data-id=\"655a74e\" data-element_type=\"widget\" data-widget_type=\"image.default\">\n\t\t\t\t<div class=\"elementor-widget-container\">\n\t\t\t\t\t\t\t\t\t\t\t\t\t\t\t<img decoding=\"async\" src=\"https:\/\/clubedolivrodesalto.com.br\/site\/wp-content\/uploads\/elementor\/thumbs\/amigo_livro_3-ps0b7086prenl920983vuelsyqt9inmehlo5cjnijw.jpg\" title=\"amigo_livro_3\" alt=\"amigo_livro_3\" loading=\"lazy\" \/>\t\t\t\t\t\t\t\t\t\t\t\t\t\t\t<\/div>\n\t\t\t\t<\/div>\n\t\t\t\t\t<\/div>\n\t\t<\/div>\n\t\t\t\t<div class=\"elementor-column elementor-col-25 elementor-top-column elementor-element elementor-element-cbbcae0\" data-id=\"cbbcae0\" data-element_type=\"column\">\n\t\t\t<div class=\"elementor-widget-wrap elementor-element-populated\">\n\t\t\t\t\t\t<div class=\"elementor-element elementor-element-98cf8f1 elementor-widget elementor-widget-image\" data-id=\"98cf8f1\" data-element_type=\"widget\" data-widget_type=\"image.default\">\n\t\t\t\t<div class=\"elementor-widget-container\">\n\t\t\t\t\t\t\t\t\t\t\t\t\t\t\t<img decoding=\"async\" src=\"https:\/\/clubedolivrodesalto.com.br\/site\/wp-content\/uploads\/elementor\/thumbs\/amigo_livro_4-ps0b7cg36lvds6k99ve18tisor51apywva5gl55eb0.jpg\" title=\"amigo_livro_4\" alt=\"amigo_livro_4\" loading=\"lazy\" \/>\t\t\t\t\t\t\t\t\t\t\t\t\t\t\t<\/div>\n\t\t\t\t<\/div>\n\t\t\t\t\t<\/div>\n\t\t<\/div>\n\t\t\t\t\t<\/div>\n\t\t<\/section>\n\t\t\t\t<\/div>\n\t\t","protected":false},"excerpt":{"rendered":"<p>Encontros Nossos encontros s\u00e3o realizados de forma on-line para que haja maior conforto e acessibilidade aos membros do Clube do Livro e s\u00e3o realizados no \u00faltimo s\u00e1bado de cada m\u00eas, \u00e0s 10h30, podendo sofrer altera\u00e7\u00e3o quando necess\u00e1rio. No final do ano, fazemos o \u201cAmigo Livro\u201d como uma forma de confraternizar e finalizar o ano com [&hellip;]<\/p>\n","protected":false},"author":1,"featured_media":0,"parent":0,"menu_order":0,"comment_status":"closed","ping_status":"closed","template":"","meta":{"_uag_custom_page_level_css":"","site-sidebar-layout":"no-sidebar","site-content-layout":"page-builder","ast-site-content-layout":"default","site-content-style":"default","site-sidebar-style":"default","ast-global-header-display":"","ast-banner-title-visibility":"","ast-main-header-display":"","ast-hfb-above-header-display":"","ast-hfb-below-header-display":"","ast-hfb-mobile-header-display":"","site-post-title":"disabled","ast-breadcrumbs-content":"","ast-featured-img":"disabled","footer-sml-layout":"","ast-disable-related-posts":"","theme-transparent-header-meta":"","adv-header-id-meta":"","stick-header-meta":"","header-above-stick-meta":"","header-main-stick-meta":"","header-below-stick-meta":"","astra-migrate-meta-layouts":"default","ast-page-background-enabled":"default","ast-page-background-meta":{"desktop":{"background-color":"","background-image":"","background-repeat":"repeat","background-position":"center center","background-size":"auto","background-attachment":"scroll","background-type":"","background-media":"","overlay-type":"","overlay-color":"","overlay-opacity":"","overlay-gradient":""},"tablet":{"background-color":"","background-image":"","background-repeat":"repeat","background-position":"center center","background-size":"auto","background-attachment":"scroll","background-type":"","background-media":"","overlay-type":"","overlay-color":"","overlay-opacity":"","overlay-gradient":""},"mobile":{"background-color":"","background-image":"","background-repeat":"repeat","background-position":"center center","background-size":"auto","background-attachment":"scroll","background-type":"","background-media":"","overlay-type":"","overlay-color":"","overlay-opacity":"","overlay-gradient":""}},"ast-content-background-meta":{"desktop":{"background-color":"var(--ast-global-color-5)","background-image":"","background-repeat":"repeat","background-position":"center center","background-size":"auto","background-attachment":"scroll","background-type":"","background-media":"","overlay-type":"","overlay-color":"","overlay-opacity":"","overlay-gradient":""},"tablet":{"background-color":"var(--ast-global-color-5)","background-image":"","background-repeat":"repeat","background-position":"center center","background-size":"auto","background-attachment":"scroll","background-type":"","background-media":"","overlay-type":"","overlay-color":"","overlay-opacity":"","overlay-gradient":""},"mobile":{"background-color":"var(--ast-global-color-5)","background-image":"","background-repeat":"repeat","background-position":"center center","background-size":"auto","background-attachment":"scroll","background-type":"","background-media":"","overlay-type":"","overlay-color":"","overlay-opacity":"","overlay-gradient":""}},"footnotes":""},"class_list":["post-1432","page","type-page","status-publish","hentry"],"uagb_featured_image_src":{"full":false,"thumbnail":false,"medium":false,"medium_large":false,"large":false,"1536x1536":false,"2048x2048":false},"uagb_author_info":{"display_name":"clubedolivrodesalto","author_link":"https:\/\/clubedolivrodesalto.com.br\/site\/author\/clubedolivrodesalto\/"},"uagb_comment_info":0,"uagb_excerpt":"Encontros Nossos encontros s\u00e3o realizados de forma on-line para que haja maior conforto e acessibilidade aos membros do Clube do Livro e s\u00e3o realizados no \u00faltimo s\u00e1bado de cada m\u00eas, \u00e0s 10h30, podendo sofrer altera\u00e7\u00e3o quando necess\u00e1rio. No final do ano, fazemos o \u201cAmigo Livro\u201d como uma forma de confraternizar e finalizar o ano com&hellip;","_links":{"self":[{"href":"https:\/\/clubedolivrodesalto.com.br\/site\/wp-json\/wp\/v2\/pages\/1432","targetHints":{"allow":["GET"]}}],"collection":[{"href":"https:\/\/clubedolivrodesalto.com.br\/site\/wp-json\/wp\/v2\/pages"}],"about":[{"href":"https:\/\/clubedolivrodesalto.com.br\/site\/wp-json\/wp\/v2\/types\/page"}],"author":[{"embeddable":true,"href":"https:\/\/clubedolivrodesalto.com.br\/site\/wp-json\/wp\/v2\/users\/1"}],"replies":[{"embeddable":true,"href":"https:\/\/clubedolivrodesalto.com.br\/site\/wp-json\/wp\/v2\/comments?post=1432"}],"version-history":[{"count":25,"href":"https:\/\/clubedolivrodesalto.com.br\/site\/wp-json\/wp\/v2\/pages\/1432\/revisions"}],"predecessor-version":[{"id":1464,"href":"https:\/\/clubedolivrodesalto.com.br\/site\/wp-json\/wp\/v2\/pages\/1432\/revisions\/1464"}],"wp:attachment":[{"href":"https:\/\/clubedolivrodesalto.com.br\/site\/wp-json\/wp\/v2\/media?parent=1432"}],"curies":[{"name":"wp","href":"https:\/\/api.w.org\/{rel}","templated":true}]}}